{"id":509,"date":"2023-05-11T19:17:47","date_gmt":"2023-05-11T17:17:47","guid":{"rendered":"https:\/\/www.casantonio.es\/blog\/?page_id=509"},"modified":"2023-05-11T20:47:40","modified_gmt":"2023-05-11T18:47:40","slug":"buscas-trabajo","status":"publish","type":"page","link":"https:\/\/www.casantonio.es\/blog\/buscas-trabajo\/","title":{"rendered":"\u00bfBuscas trabajo?"},"content":{"rendered":"\t\t<div data-elementor-type=\"wp-post\" data-elementor-id=\"509\" class=\"elementor elementor-509\">\n\t\t\t\t\t\t<section class=\"elementor-section elementor-top-section elementor-element elementor-element-667d907 elementor-section-boxed elementor-section-height-default elementor-section-height-default\" data-id=\"667d907\" data-element_type=\"section\">\n\t\t\t\t\t\t<div class=\"elementor-container elementor-column-gap-default\">\n\t\t\t\t\t<div class=\"elementor-column elementor-col-100 elementor-top-column elementor-element elementor-element-818b66f\" data-id=\"818b66f\" data-element_type=\"column\">\n\t\t\t<div class=\"elementor-widget-wrap elementor-element-populated\">\n\t\t\t\t\t\t<div class=\"elementor-element elementor-element-703c2e7 elementor-widget elementor-widget-text-editor\" data-id=\"703c2e7\" data-element_type=\"widget\" data-widget_type=\"text-editor.default\">\n\t\t\t\t<div class=\"elementor-widget-container\">\n\t\t\t\t\t\t\t\t\t<p><strong>Estamos buscando profesionales<\/strong> responsables y amantes de la profesi\u00f3n para formar parte de un equipo con experiencia y mucha pasi\u00f3n que nos ayude a convertir cada visita de nuestros clientes en una experiencia \u00fanica e inolvidable.<\/p><p>Si quieres formar parte del equipo, rellena el siguiente formulario y env\u00edanos tu curr\u00edculum:<\/p>\t\t\t\t\t\t\t\t<\/div>\n\t\t\t\t<\/div>\n\t\t\t\t\t<\/div>\n\t\t<\/div>\n\t\t\t\t\t<\/div>\n\t\t<\/section>\n\t\t\t\t<section class=\"elementor-section elementor-top-section elementor-element elementor-element-7d646f0 elementor-section-boxed elementor-section-height-default elementor-section-height-default\" data-id=\"7d646f0\" data-element_type=\"section\">\n\t\t\t\t\t\t<div class=\"elementor-container elementor-column-gap-default\">\n\t\t\t\t\t<div class=\"elementor-column elementor-col-100 elementor-top-column elementor-element elementor-element-8bfc01c\" data-id=\"8bfc01c\" data-element_type=\"column\">\n\t\t\t<div class=\"elementor-widget-wrap elementor-element-populated\">\n\t\t\t\t\t\t<div class=\"elementor-element elementor-element-994173e elementor-widget elementor-widget-shortcode\" data-id=\"994173e\" data-element_type=\"widget\" data-widget_type=\"shortcode.default\">\n\t\t\t\t<div class=\"elementor-widget-container\">\n\t\t\t\t\t\t\t<div class=\"elementor-shortcode\">\n<div class=\"wpcf7 no-js\" id=\"wpcf7-f514-o1\" lang=\"es-ES\" dir=\"ltr\" data-wpcf7-id=\"514\">\n<div class=\"screen-reader-response\"><p role=\"status\" aria-live=\"polite\" aria-atomic=\"true\"><\/p> <ul><\/ul><\/div>\n<form action=\"\/blog\/wp-json\/wp\/v2\/pages\/509#wpcf7-f514-o1\" method=\"post\" class=\"wpcf7-form init\" aria-label=\"Formulario de contacto\" novalidate=\"novalidate\" data-status=\"init\">\n<fieldset class=\"hidden-fields-container\"><input type=\"hidden\" name=\"_wpcf7\" value=\"514\" \/><input type=\"hidden\" name=\"_wpcf7_version\" value=\"6.1.3\" \/><input type=\"hidden\" name=\"_wpcf7_locale\" value=\"es_ES\" \/><input type=\"hidden\" name=\"_wpcf7_unit_tag\" value=\"wpcf7-f514-o1\" \/><input type=\"hidden\" name=\"_wpcf7_container_post\" value=\"0\" \/><input type=\"hidden\" name=\"_wpcf7_posted_data_hash\" value=\"\" \/><input type=\"hidden\" name=\"_wpcf7_recaptcha_response\" value=\"\" \/>\n<\/fieldset>\n<div class=\"formTrabajo\">\n\t<div class=\"ancho-100\">\n\t\t<p><span class=\"wpcf7-form-control-wrap\" data-name=\"formNombre\"><input size=\"40\" maxlength=\"400\" class=\"wpcf7-form-control wpcf7-text wpcf7-validates-as-required\" id=\"inputNombre\" aria-required=\"true\" aria-invalid=\"false\" placeholder=\"Nombre completo *\" value=\"\" type=\"text\" name=\"formNombre\" \/><\/span>\n\t\t<\/p>\n\t<\/div>\n\t<div class=\"ancho-100 capaFlexCen gap_5\">\n\t\t<div class=\"ancho-50\">\n\t\t\t<p><span class=\"wpcf7-form-control-wrap\" data-name=\"formEmail\"><input size=\"40\" maxlength=\"400\" class=\"wpcf7-form-control wpcf7-email wpcf7-validates-as-required wpcf7-text wpcf7-validates-as-email\" id=\"inputEmail\" aria-required=\"true\" aria-invalid=\"false\" placeholder=\"Email *\" value=\"\" type=\"email\" name=\"formEmail\" \/><\/span>\n\t\t\t<\/p>\n\t\t<\/div>\n\t\t<div class=\"ancho-45\">\n\t\t\t<p><span class=\"wpcf7-form-control-wrap\" data-name=\"formTelefono\"><input size=\"40\" maxlength=\"400\" class=\"wpcf7-form-control wpcf7-text wpcf7-validates-as-required\" id=\"inputTelefono\" aria-required=\"true\" aria-invalid=\"false\" placeholder=\"Tel\u00e9fono *\" value=\"\" type=\"text\" name=\"formTelefono\" \/><\/span>\n\t\t\t<\/p>\n\t\t<\/div>\n\t<\/div>\n\t<div class=\"ancho-100 marginAuto capaFlexLeftC\">\n\t\t<p>\u00bfD\u00f3nde te gustar\u00eda trabajar? <span class=\"wpcf7-form-control-wrap\" data-name=\"tipoTrabajo\"><span class=\"wpcf7-form-control wpcf7-checkbox\" id=\"checkTrabajo\"><span class=\"wpcf7-list-item first\"><label><input type=\"checkbox\" name=\"tipoTrabajo[]\" value=\"Cocina\" \/><span class=\"wpcf7-list-item-label\">Cocina<\/span><\/label><\/span><span class=\"wpcf7-list-item last\"><label><input type=\"checkbox\" name=\"tipoTrabajo[]\" value=\"Sala\" \/><span class=\"wpcf7-list-item-label\">Sala<\/span><\/label><\/span><\/span><\/span>\n\t\t<\/p>\n\t<\/div>\n\t<div class=\"ancho-100 marginAuto\">\n\t\t<div class=\"ancho-100\">\n\t\t\t<p><span class=\"wpcf7-form-control-wrap\" data-name=\"formMensaje\"><textarea cols=\"40\" rows=\"10\" maxlength=\"2000\" class=\"wpcf7-form-control wpcf7-textarea\" id=\"inputMensaje\" aria-invalid=\"false\" placeholder=\"Mensaje\" name=\"formMensaje\"><\/textarea><\/span>\n\t\t\t<\/p>\n\t\t<\/div>\n\t\t<div class=\"ancho-100\">\n\t\t\t<p><span class=\"wpcf7-form-control-wrap\" data-name=\"archivoCV\"><input size=\"40\" class=\"wpcf7-form-control wpcf7-drag-n-drop-file d-none\" aria-invalid=\"false\" type=\"file\" multiple=\"multiple\" data-name=\"archivoCV\" data-type=\"pdf|doc|docx|jpg|jpeg|png\" data-limit=\"10000000\" data-min=\"1\" data-max=\"1\" data-id=\"514\" data-version=\"free version 1.3.9.2\" accept=\".pdf, .doc, .docx, .jpg, .jpeg, .png\" \/><\/span>\n\t\t\t<\/p>\n\t\t<\/div>\n\t\t<div class=\"ancho-100\">\n\t\t\t<p><span class=\"wpcf7-form-control-wrap\" data-name=\"rgpd\"><span class=\"wpcf7-form-control wpcf7-acceptance\"><span class=\"wpcf7-list-item\"><label><input type=\"checkbox\" name=\"rgpd\" value=\"1\" aria-invalid=\"false\" \/><span class=\"wpcf7-list-item-label\">Acepto la <a href=\"\/es\/146925-condiciones-de-uso\">Pol\u00edtica de Privacidad<\/a><\/span><\/label><\/span><\/span><\/span>\n\t\t\t<\/p>\n\t\t<\/div>\n\t\t<div class=\"ancho-100 action text-left\">\n\t\t\t<p><span class=\"btnSeccion form-action\"><input class=\"wpcf7-form-control wpcf7-submit has-spinner\" type=\"submit\" value=\"Enviar Mensaje\" \/><\/span>\n\t\t\t<\/p>\n\t\t<\/div>\n\t<\/div>\n<\/div><div class=\"wpcf7-response-output\" aria-hidden=\"true\"><\/div>\n<\/form>\n<\/div>\n<\/div>\n\t\t\t\t\t\t<\/div>\n\t\t\t\t<\/div>\n\t\t\t\t\t<\/div>\n\t\t<\/div>\n\t\t\t\t\t<\/div>\n\t\t<\/section>\n\t\t\t\t<\/div>\n\t\t","protected":false},"excerpt":{"rendered":"<p>Estamos buscando profesionales responsables y amantes de la profesi\u00f3n para formar parte de un equipo con experiencia y mucha pasi\u00f3n que nos ayude a convertir cada visita de nuestros clientes en una experiencia \u00fanica e inolvidable. Si quieres formar parte del equipo, rellena el siguiente formulario y env\u00edanos tu curr\u00edculum:<\/p>\n","protected":false},"author":1,"featured_media":0,"parent":0,"menu_order":0,"comment_status":"closed","ping_status":"closed","template":"","meta":{"footnotes":""},"class_list":["post-509","page","type-page","status-publish","hentry"],"_links":{"self":[{"href":"https:\/\/www.casantonio.es\/blog\/wp-json\/wp\/v2\/pages\/509","targetHints":{"allow":["GET"]}}],"collection":[{"href":"https:\/\/www.casantonio.es\/blog\/wp-json\/wp\/v2\/pages"}],"about":[{"href":"https:\/\/www.casantonio.es\/blog\/wp-json\/wp\/v2\/types\/page"}],"author":[{"embeddable":true,"href":"https:\/\/www.casantonio.es\/blog\/wp-json\/wp\/v2\/users\/1"}],"replies":[{"embeddable":true,"href":"https:\/\/www.casantonio.es\/blog\/wp-json\/wp\/v2\/comments?post=509"}],"version-history":[{"count":29,"href":"https:\/\/www.casantonio.es\/blog\/wp-json\/wp\/v2\/pages\/509\/revisions"}],"predecessor-version":[{"id":541,"href":"https:\/\/www.casantonio.es\/blog\/wp-json\/wp\/v2\/pages\/509\/revisions\/541"}],"wp:attachment":[{"href":"https:\/\/www.casantonio.es\/blog\/wp-json\/wp\/v2\/media?parent=509"}],"curies":[{"name":"wp","href":"https:\/\/api.w.org\/{rel}","templated":true}]}}